{"id":1725,"date":"2011-03-02T12:45:45","date_gmt":"2011-03-02T12:45:45","guid":{"rendered":"http:\/\/aphh.pt\/index.php\/?page_id=63"},"modified":"2023-11-17T00:52:40","modified_gmt":"2023-11-17T00:52:40","slug":"ser-socio-aphh","status":"publish","type":"page","link":"https:\/\/aphh.pt\/?page_id=1725","title":{"rendered":"S\u00f3cios"},"content":{"rendered":"<p style=\"text-align: justify;\"><strong><img loading=\"lazy\" decoding=\"async\" class=\"alignnone wp-image-1920 size-full\" src=\"http:\/\/aphh.lamplop.com\/wp-content\/uploads\/2019\/11\/ser-socio-aphh.jpg\" alt=\"\" width=\"789\" height=\"150\" srcset=\"https:\/\/aphh.pt\/wp-content\/uploads\/2019\/11\/ser-socio-aphh.jpg 789w, https:\/\/aphh.pt\/wp-content\/uploads\/2019\/11\/ser-socio-aphh-300x57.jpg 300w, https:\/\/aphh.pt\/wp-content\/uploads\/2019\/11\/ser-socio-aphh-768x146.jpg 768w\" sizes=\"auto, (max-width: 789px) 100vw, 789px\" \/><\/strong><\/p>\n<p style=\"text-align: justify;\"><strong>A APHH tem quatro categorias de s\u00f3cios: fundadores, efectivos, colaboradores e honor\u00e1rios.<\/strong><\/p>\n<p>a) <strong>S\u00f3cios fundadores<\/strong> &#8211; s\u00e3o igualmente s\u00f3cios efectivos.<\/p>\n<p style=\"text-align: justify;\">b) <strong>S\u00f3cios efectivos<\/strong> &#8211; os profissionais definidos no Artigo 1\u00ba do Cap\u00edtulo I do regulamento interno da APHH, que manifestarem \u00e0 Direc\u00e7\u00e3o a sua inten\u00e7\u00e3o de serem admitidos como s\u00f3cios, que identificados com os fins da APHH, se obriguem ao pagamento da quota m\u00ednima fixada pela Direc\u00e7\u00e3o, gozando da plenitude dos direitos sociais e cuja admiss\u00e3o for aprovada em Assembleia-Geral por maioria simples.<\/p>\n<p style=\"text-align: justify;\">c) <strong>S\u00f3cios colaboradores<\/strong> &#8211; os profissionais ou empresas que n\u00e3o se enquadrem nos n\u00fameros anteriores, mas se sintam em sintonia com os objectivos da APHH e colaborem em prol dos mesmos, mediante o seu contributo profissional ou econ\u00f3mico, e que solicitem a sua admiss\u00e3o \u00e0 Direc\u00e7\u00e3o. A admiss\u00e3o dever\u00e1 ser aprovada em Assembleia Geral por maioria simples.<\/p>\n<p style=\"text-align: justify;\">d) <strong>S\u00f3cios honor\u00e1rios<\/strong> &#8211; os indiv\u00edduos que, pelo seu prest\u00edgio pessoal e profissional contribuam para a forma\u00e7\u00e3o t\u00e9cnica e melhoria de m\u00e9todos no \u00e2mbito da Hotelaria Hospitalar e Servi\u00e7os Gerais. Ser\u00e3o eleitos pela Assembleia-Geral por proposta da Direc\u00e7\u00e3o.<\/p>\n<p style=\"text-align: justify;\"><a href=\"http:\/\/aphh.pt\/wp-content\/uploads\/2011\/03\/ficha_inscricao-1.pdf\">Ficha Inscri\u00e7\u00e3o<\/a><br \/>\n<a href=\"http:\/\/aphh.pt\/wp-content\/uploads\/2011\/03\/ficha_inscricao_empresas-1.pdf\">Ficha Inscri\u00e7\u00e3o Empresas<\/a><br \/>\n<strong>\u00a0<\/strong><\/p>\n","protected":false},"excerpt":{"rendered":"<p>A APHH tem quatro categorias de s\u00f3cios: fundadores, efectivos, colaboradores e honor\u00e1rios. a) S\u00f3cios fundadores &#8211; s\u00e3o igualmente s\u00f3cios efectivos. b) S\u00f3cios efectivos &#8211; os profissionais definidos no Artigo 1\u00ba do Cap\u00edtulo I do regulamento interno da APHH, que manifestarem \u00e0 Direc\u00e7\u00e3o a sua inten\u00e7\u00e3o de serem admitidos como s\u00f3cios, que identificados com os fins [&hellip;]<\/p>\n","protected":false},"author":2,"featured_media":0,"parent":0,"menu_order":4,"comment_status":"closed","ping_status":"closed","template":"","meta":{"content-type":"","footnotes":""},"class_list":["post-1725","page","type-page","status-publish","hentry"],"_links":{"self":[{"href":"https:\/\/aphh.pt\/index.php?rest_route=\/wp\/v2\/pages\/1725","targetHints":{"allow":["GET"]}}],"collection":[{"href":"https:\/\/aphh.pt\/index.php?rest_route=\/wp\/v2\/pages"}],"about":[{"href":"https:\/\/aphh.pt\/index.php?rest_route=\/wp\/v2\/types\/page"}],"author":[{"embeddable":true,"href":"https:\/\/aphh.pt\/index.php?rest_route=\/wp\/v2\/users\/2"}],"replies":[{"embeddable":true,"href":"https:\/\/aphh.pt\/index.php?rest_route=%2Fwp%2Fv2%2Fcomments&post=1725"}],"version-history":[{"count":5,"href":"https:\/\/aphh.pt\/index.php?rest_route=\/wp\/v2\/pages\/1725\/revisions"}],"predecessor-version":[{"id":3059,"href":"https:\/\/aphh.pt\/index.php?rest_route=\/wp\/v2\/pages\/1725\/revisions\/3059"}],"wp:attachment":[{"href":"https:\/\/aphh.pt\/index.php?rest_route=%2Fwp%2Fv2%2Fmedia&parent=1725"}],"curies":[{"name":"wp","href":"https:\/\/api.w.org\/{rel}","templated":true}]}}